{"id":18947,"date":"2023-07-20T07:32:34","date_gmt":"2023-07-20T05:32:34","guid":{"rendered":"https:\/\/www.delfi.com\/saa-haer-arbetar-vi-med-de-17-globala-maalen\/"},"modified":"2026-03-13T14:11:37","modified_gmt":"2026-03-13T13:11:37","slug":"fns-verdensmaal","status":"publish","type":"page","link":"https:\/\/www.delfi.com\/sv\/fns-verdensmaal","title":{"rendered":"FN:s globala m\u00e5l"},"content":{"rendered":"<div class=\"wpb-content-wrapper\"><p>[vc_row][vc_column][vc_column_text css=&#8221;&#8221; css_params=&#8221;&#8221;]<\/p>\n<h1>S\u00e5 arbetar vi med FN&#8217;s 17 globala m\u00e5l<\/h1>\n<p>FN:s 17 globala m\u00e5l \u00e4r den hittills mest ambiti\u00f6sa globala utvecklingsagendan med fokus p\u00e5 h\u00e5llbarhet och omst\u00e4llning. De globala m\u00e5len antogs vid FN-toppm\u00f6tet i New York den 25 september 2015. H\u00e4r antog v\u00e4rldens stats- och regeringschefer 17 globala m\u00e5l samt 169 delm\u00e5l f\u00f6r en h\u00e5llbar utveckling, som ska bidra till att l\u00f6sa framtidens klimatutmaningar.<\/p>\n<p>De globala m\u00e5len f\u00f6rpliktar alla FN:s 193 medlemsl\u00e4nder att skapa en mer h\u00e5llbar v\u00e4rld genom att avskaffa fattigdom och hunger, minska oj\u00e4mlikhet, s\u00e4kerst\u00e4lla god utbildning och b\u00e4ttre h\u00e4lsa f\u00f6r alla, anst\u00e4ndiga jobb och en mer h\u00e5llbar ekonomisk tillv\u00e4xt. Det \u00e4r sannolikt v\u00e5r tids viktigaste plan.[\/vc_column_text][\/vc_column][\/vc_row][vc_row][vc_column width=&#8221;1\/2&#8243;][vc_column_text]<\/p>\n<h2>Tillsammans kan vi g\u00f6ra skillnad<\/h2>\n<p>Det r\u00e5der ingen tvekan om att om utveckling och konkreta resultat ska uppn\u00e5s kr\u00e4vs en insats fr\u00e5n alla. M\u00e5nga f\u00f6retag, eldsj\u00e4lar och organisationer i Danmark \u00e4r redan i full g\u00e5ng med att skapa h\u00e5llbara utvecklingssp\u00e5r med utg\u00e5ngspunkt i de globala m\u00e5len \u2013 det g\u00e4ller \u00e4ven hos Delfi Technologies, men vi kan l\u00e5ngt ifr\u00e5n lyfta de globala m\u00e5len p\u00e5 egen hand.<\/p>\n<p>Men n\u00e4r vi s\u00e4tter upp tydliga m\u00e5l och prioriterar v\u00e5ra resurser d\u00e4refter \u00e4r det m\u00f6jligt att uppn\u00e5 resultat. Det kr\u00e4ver insatser p\u00e5 en \u00f6vergripande niv\u00e5 fr\u00e5n regeringar, multinationella f\u00f6retag och globala NGO:er \u2013 men ocks\u00e5 p\u00e5 mikroniv\u00e5 med kommunfullm\u00e4ktige, mindre f\u00f6retag och frivilliga eldsj\u00e4lar.<\/p>\n<p>P\u00e5 Delfi Technologies har vi valt att fokusera p\u00e5 ett urval av de 17 globala m\u00e5len d\u00e4r vi anser att vi kan g\u00f6ra s\u00e4rskild skillnad. V\u00e5rt arbete omfattar f\u00f6r n\u00e4rvarande f\u00f6ljande globala m\u00e5l:[\/vc_column_text][\/vc_column][vc_column width=&#8221;1\/2&#8243;][vc_single_image image=&#8221;14194&#8243; img_size=&#8221;full&#8221;][\/vc_column][\/vc_row][vc_row][vc_column][vc_separator][\/vc_column][\/vc_row][vc_row][vc_column width=&#8221;1\/2&#8243;][vc_single_image image=&#8221;14203&#8243; img_size=&#8221;full&#8221;][\/vc_column][vc_column width=&#8221;1\/2&#8243;][vc_column_text]<\/p>\n<h2>M\u00e5l 2: Ingen hunger<\/h2>\n<p><strong>Case: F\u00f8devareBanken \u2013 fr\u00e5n matsvinn till m\u00e5ltid<\/strong><br \/>\nGenom v\u00e5rt samarbete med F\u00f8devareBanken kring utvecklingen av en streckkodsl\u00f6sning f\u00f6r elektronisk produktregistrering st\u00f6djer vi FN:s globala m\u00e5l som syftar till att utrota fattigdom, stoppa hunger, minska oj\u00e4mlikhet, s\u00e4kerst\u00e4lla ansvarsfull konsumtion och produktion samt bidra till klimatarbetet. Det \u00e4r en bra l\u00f6sning eftersom den knyter ihop hela logistiken och hj\u00e4lper till att s\u00e4kerst\u00e4lla produktens sp\u00e5rbarhet. Projektet utm\u00e4rker sig genom att skapa en h\u00f6g niv\u00e5 av livsmedelss\u00e4kerhet i f\u00f6rs\u00f6rjningskedjan, vilket bidrar till mindre matsvinn i Danmark.[\/vc_column_text][\/vc_column][\/vc_row][vc_row][vc_column][vc_column_text]Enbart under 2019 samlades och delades mer \u00e4n 1 350 ton mat ut till socialt utsatta i Danmark. Det blev till mer \u00e4n 3 375 000 m\u00e5ltider och har skapat en minskning av CO2-utsl\u00e4ppen med 1 806 ton. (K\u00e4lla: <a href=\"https:\/\/foedevarebanken.dk\/\" target=\"_blank\" rel=\"noopener\">https:\/\/foedevarebanken.dk\/<\/a>).<\/p>\n<p>Ett samarbete med ett antal livsmedelsf\u00f6retag s\u00e4kerst\u00e4ller donation av \u00f6verskottslivsmedel, som registreras elektroniskt med en streckkodsl\u00f6sning. Sj\u00e4lva l\u00f6sningen kan enkelt skalas upp f\u00f6r samarbete med fler f\u00f6retag \u2013 b\u00e5de nationellt i Danmark, men \u00e4ven utomlands. Livsmedlens streckkoder bidrar till att s\u00e4kerst\u00e4lla sp\u00e5rbarhet.<\/p>\n<p>Med streckkodsl\u00f6sningen kan F\u00f8devareBanken alltid sp\u00e5ra exakt var en specifik batch livsmedel har samlats in, samt var den aktuella batchen har delats ut. Det unika med l\u00f6sningen \u00e4r att det \u00e4r m\u00f6jligt att s\u00e4kerst\u00e4lla varusp\u00e5rbarhet genom hela processen och reagera snabbt om det skulle uppst\u00e5 behov av att \u00e5terkalla en batch livsmedel. Samtidigt arbetar man enligt principen \u201dFirst in First Out\u201d, s\u00e5 att de livsmedel med kortast h\u00e5llbarhet delas ut f\u00f6rst, vilket kontinuerligt minimerar risken f\u00f6r svinn. L\u00f6sningen \u00e4r utvecklad av Delfi Technologies i samarbete med F\u00f8devareBanken.[\/vc_column_text][vc_btn title=&#8221;L\u00e4s mer om fallstudien h\u00e4r&#8221; shape=&#8221;rounded&#8221; color=&#8221;black&#8221; size=&#8221;lg&#8221; link=&#8221;url:https%3A%2F%2Fwww.delfi.com%2Fsv%2Freferenser%2Ffoedevarebanken|title:Fr%C3%A5n%20matavfall%20till%20m%C3%A5ltid%20med%20elektronisk%20sp%C3%A5rning%20av%20f%C3%B6rem%C3%A5l|&#8221; css_params=&#8221;&#8221;][\/vc_column][\/vc_row][vc_row][vc_column][vc_separator][\/vc_column][\/vc_row][vc_row][vc_column width=&#8221;1\/2&#8243;][vc_single_image image=&#8221;14212&#8243; img_size=&#8221;full&#8221;][\/vc_column][vc_column width=&#8221;1\/2&#8243;][vc_column_text]<\/p>\n<h2>M\u00e5l 3: H\u00e4lsa och v\u00e4lbefinnande<\/h2>\n<p><strong>Case: B\u00e4ttre patients\u00e4kerhet i Danmark<\/strong><br \/>\nVi \u00e4r innovativa i v\u00e5rt arbete med h\u00e5rdvaru- och mjukvarul\u00f6sningar f\u00f6r h\u00e4lso- och sjukv\u00e5rdssektorn. Genom ett samarbete med de danska regionerna skapar vi streckkodsl\u00f6sningar som bidrar till att st\u00e4rka patients\u00e4kerheten och underl\u00e4tta arbetet p\u00e5 regionernas sjukhus.<\/p>\n<p>Programvarul\u00f6sningen, Delfi EasyScan, \u00e4r utvecklad av Delfi Technologies och best\u00e5r av streckkodsprogramvara, handscanners och armbandsskrivare. Det \u00e4r en centraliserad streckkodsl\u00f6sning som erbjuder nya tekniska m\u00f6jligheter och samlar olika arbetsfunktioner i en och samma l\u00f6sning. Nya handscanners hj\u00e4lper till att f\u00f6rkorta arbetsprocesserna och skapa en b\u00e4ttre \u00f6verblick.[\/vc_column_text][vc_btn title=&#8221;L\u00e4s mer om fallstudien h\u00e4r&#8221; shape=&#8221;rounded&#8221; color=&#8221;black&#8221; size=&#8221;lg&#8221; link=&#8221;url:https%3A%2F%2Fwww.delfi.com%2Fsv%2Fnyheter%2Fregion-zealand-strengthens-patient-safety%2F|title:Region%20Sj%C3%A4lland%20st%C3%A4rker%20patients%C3%A4kerheten|&#8221; css_params=&#8221;&#8221;][\/vc_column][\/vc_row][vc_row][vc_column][vc_column_text]\u00c5r 2020 slog coronaviruset igenom p\u00e5 allvar. I samband med detta etablerades ett antal testcenter runt om i Danmark. H\u00e4r registreras testpersonens sjukf\u00f6rs\u00e4kringskort med hj\u00e4lp av <a href=\"https:\/\/shop.delfi.com\/sv\/kategori\/streckkodsscanners\/\" target=\"_blank\" rel=\"noopener\">handskannrar<\/a>, som Delfi Technologies bland annat levererar till Region Sj\u00e4lland och Region Hovedstaden.<\/p>\n<p>Skannrarna \u00e4r en s\u00e4rskild antibakteriell modell som l\u00e4mpar sig s\u00e4rskilt v\u00e4l f\u00f6r h\u00e4lso- och sjukv\u00e5rden och t\u00e5l s\u00e4rskilda f\u00f6rh\u00e5llanden som extra reng\u00f6ring och desinficering.[\/vc_column_text][vc_btn title=&#8221;L\u00e4s mer om fallstudien h\u00e4r&#8221; shape=&#8221;rounded&#8221; color=&#8221;black&#8221; size=&#8221;lg&#8221; link=&#8221;url:https%3A%2F%2Fdelfi.com%2Fda%2Fnyheder%2Fdelfi-leverer-udstyr-til-corona-testcentre%2F|title:Fr%C3%A5n%20matavfall%20till%20m%C3%A5ltid%20med%20elektronisk%20sp%C3%A5rning%20av%20f%C3%B6rem%C3%A5l|&#8221; css_params=&#8221;&#8221;][\/vc_column][\/vc_row][vc_row][vc_column][vc_separator][\/vc_column][\/vc_row][vc_row][vc_column][vc_column_text]<\/p>\n<h2>M\u00e5l 5: J\u00e4mst\u00e4lldhet<\/h2>\n<p>&#8211; <em>\u00c4ven om IT- och techbranschen historiskt sett har varit starkt mansdominerad ser vi en trend p\u00e5 Delfi Technologies d\u00e4r fler kvinnor tillkommer i dag \u2013 b\u00e5de internt i f\u00f6retaget och i n\u00e4tverket omkring oss. I varje anst\u00e4llningsf\u00f6rh\u00e5llande s\u00e4kerst\u00e4ller vi naturligtvis ocks\u00e5 j\u00e4mst\u00e4lldhet, s\u00e5 att m\u00e4n och kvinnor har samma r\u00e4ttigheter och m\u00f6jligheter <\/em>, <strong>s\u00e4ger Caroline Hagen, som \u00e4r CMO p\u00e5 Delfi Technologies A\/S.<\/strong>[\/vc_column_text][\/vc_column][\/vc_row][vc_row][vc_column][vc_separator][\/vc_column][\/vc_row][vc_row][vc_column][vc_single_image image=&#8221;14241&#8243; img_size=&#8221;full&#8221; alignment=&#8221;center&#8221;][vc_column_text]<\/p>\n<h2>M\u00e5l 8: Anst\u00e4ndiga arbetsvillkor och ekonomisk tillv\u00e4xt<\/h2>\n<p><em>\u2013 I v\u00e5rt arbete med att s\u00e4kerst\u00e4lla att v\u00e5ra kunder f\u00e5r den senaste tekniken bidrar vi ocks\u00e5 med l\u00f6sningar som skapar h\u00f6gre produktivitet. Vi ser i allt h\u00f6gre grad en \u00f6nskan fr\u00e5n v\u00e5ra kunder att genomf\u00f6ra en teknisk uppgradering som ett verktyg f\u00f6r att skapa ekonomisk tillv\u00e4xt, <\/em> <strong>ber\u00e4ttar Palle Svendsen, som \u00e4r CEO p\u00e5 Delfi Technologies A\/S.<\/strong><\/p>\n<h2>M\u00e5l 9: H\u00e5llbar industri, innovationer och infrastruktur<\/h2>\n<p><em>\u2013 P\u00e5 Delfi Technologies l\u00e4gger vi stor vikt vid innovation och ser det som en avg\u00f6rande drivkraft f\u00f6r teknisk utveckling. V\u00e5r viktigaste uppgift \u00e4r att ligga steget f\u00f6re utvecklingen och skapa innovativa l\u00f6sningar som st\u00e4rker v\u00e5ra kunders verksamhet och konkurrenskraft, <\/em> <strong>s\u00e4ger Palle Svendsen.<\/strong>[\/vc_column_text][\/vc_column][\/vc_row][vc_row][vc_column][vc_separator][\/vc_column][\/vc_row][vc_row][vc_column][vc_single_image image=&#8221;14249&#8243; img_size=&#8221;full&#8221; alignment=&#8221;center&#8221;][\/vc_column][\/vc_row][vc_row][vc_column width=&#8221;1\/2&#8243;][vc_column_text]<\/p>\n<h2>M\u00e5l 12: H\u00e5llbar konsumtion och produktion<\/h2>\n<p><strong>Case: Digitalt verktyg hj\u00e4lper MENY i kampen mot matsvinn<\/strong><br \/>\nEtt centralt inslag i FN:s 17 globala m\u00e5l \u00e4r bek\u00e4mpningen av matsvinn. Delm\u00e5l 12.3 lyder att det globala matsvinnet p\u00e5 detaljhandels- och konsumentniv\u00e5 per person ska halveras f\u00f6re 2030 och att livsmedelsf\u00f6rluster i produktions- och f\u00f6rs\u00f6rjningskedjor ska minskas.<\/p>\n<p>I dag \u00e4r matsvinn ett prioriterat insatsomr\u00e5de hos m\u00e5nga stormarknadskedjor. Tillsammans med Dagrofas flaggskeppskedja, MENY, anv\u00e4nder vi ett digitalt verktyg f\u00f6r att eliminera risken f\u00f6r att matsvinn \u00f6ver huvud taget uppst\u00e5r. Hos MENY handlar det inte bara om att sk\u00e4nka \u00f6verskottsmat till sociala \u00e4ndam\u00e5l, utan i \u00e4nnu h\u00f6gre grad ocks\u00e5 om att f\u00f6r\u00e4ndra rutinerna hos butikspersonalen.<\/p>\n<p>Whywaste hedder det nye v\u00e6rkt\u00f8j, der har fundet vej til landets MENY-butikker, som et seri\u00f8st initiativ i kampen mod madspild og datovarer. Som en del av Whywaste-projektet har Delfi Technologies valts som IT-leverant\u00f6r av <a href=\"https:\/\/shop.delfi.com\/sv\/kategori\/handterminaler-och-tillbehoer\/\" target=\"_blank\" rel=\"noopener\">handterminaler<\/a> och mobila <a href=\"https:\/\/shop.delfi.com\/sv\/kategori\/etikettskrivare\/\" target=\"_blank\" rel=\"noopener\">etikettskrivare<\/a> till Dagrofa.[\/vc_column_text][vc_btn title=&#8221;L\u00e4s mer om fallstudien h\u00e4r&#8221; shape=&#8221;rounded&#8221; color=&#8221;black&#8221; size=&#8221;lg&#8221; link=&#8221;url:https%3A%2F%2Fdelfi.com%2Fda%2Freferencer%2Fmeny-solroed%2F|title:Fr%C3%A5n%20matavfall%20till%20m%C3%A5ltid%20med%20elektronisk%20sp%C3%A5rning%20av%20f%C3%B6rem%C3%A5l|&#8221;][\/vc_column][vc_column width=&#8221;1\/2&#8243;][vc_column_text]<\/p>\n<h2>M\u00e5l 13: Bek\u00e4mpa klimatf\u00f6r\u00e4ndringarna<\/h2>\n<p><strong>Case: Jensen Seeds \u2013 \u00f6kad sp\u00e5rbarhet i f\u00f6rs\u00f6rjningskedjan<\/strong><br \/>\nGenom v\u00e5rt samarbete med Jensen Seeds s\u00e4kerst\u00e4ller vi en positiv p\u00e5verkan p\u00e5 de globala m\u00e5len 12 och 13.<\/p>\n<p>Det danska fr\u00f6f\u00f6retaget Jensen Seeds levererar \u00e5rligen mer \u00e4n 10 000 ton fr\u00f6 till sina kunder. D\u00e4rf\u00f6r \u00e4r det helt avg\u00f6rande att det inte uppst\u00e5r fel i produktionen och sorteringen av fr\u00f6na. H\u00e4r uppstod behovet av en RFID-l\u00f6sning f\u00f6r att sp\u00e5ra, lokalisera och identifiera processen fr\u00e5n odlare till helautomatisk rensning, sortering och packning.<\/p>\n<p>En kontinuerlig investering i innovation och infrastruktur \u00e4r n\u00e4mligen en avg\u00f6rande drivkraft f\u00f6r ekonomisk tillv\u00e4xt och utveckling. H\u00e4r \u00e4r den tekniska utvecklingen nyckeln till att hitta l\u00f6sningar p\u00e5 b\u00e5de ekonomiska och milj\u00f6m\u00e4ssiga utmaningar.<\/p>\n<p>I arbetet med kvalitetss\u00e4kring var Jensen Seeds den f\u00f6rsta fr\u00f6leverant\u00f6ren i v\u00e4rlden som tog den tr\u00e5dl\u00f6sa RFID-tekniken i bruk. Idag \u00e4gs Jensen Seeds av DLF, som \u00e4r ett globalt fr\u00f6f\u00f6retag som s\u00e4ljer fr\u00f6n till fodergr\u00e4s samt privat och professionellt gr\u00e4s f\u00f6r gr\u00e4smattor i mer \u00e4n 80 l\u00e4nder v\u00e4rlden \u00f6ver. \u00c4ven h\u00e4r \u00e4r Jensen Seeds en first mover, och m\u00e5nga andra producenter tittar d\u00e4rf\u00f6r hit n\u00e4r det g\u00e4ller inspiration till processoptimering, b\u00e4ttre kontroll och \u00f6kad sp\u00e5rbarhet.[\/vc_column_text][vc_btn title=&#8221;L\u00e4s mer om fallstudien h\u00e4r&#8221; shape=&#8221;rounded&#8221; color=&#8221;black&#8221; size=&#8221;lg&#8221; link=&#8221;url:https%3A%2F%2Fdelfi.com%2Fda%2Freferencer%2Fjensen-seeds%2F|title:Fr%C3%A5n%20matavfall%20till%20m%C3%A5ltid%20med%20elektronisk%20sp%C3%A5rning%20av%20f%C3%B6rem%C3%A5l|&#8221;][\/vc_column][\/vc_row][vc_row][vc_column][vc_separator][\/vc_column][\/vc_row][vc_row][vc_column][vc_masonry_grid post_type=&#8221;ids&#8221; element_width=&#8221;12&#8243; item=&#8221;13350&#8243; grid_id=&#8221;vc_gid:1773407484986-1ba323f3-9289-4&#8243; include=&#8221;11352&#8243;][vc_masonry_grid post_type=&#8221;ids&#8221; element_width=&#8221;12&#8243; item=&#8221;13350&#8243; grid_id=&#8221;vc_gid:1773407484987-66a7025f-1e46-4&#8243; include=&#8221;13656&#8243;][\/vc_column][\/vc_row]<\/p>\n<\/div>","protected":false},"excerpt":{"rendered":"<p>FN:s 17 globala m\u00e5l \u00e4r den hittills mest ambiti\u00f6sa globala utvecklingsagendan med fokus p\u00e5 h\u00e5llbarhet och omst\u00e4llning. De globala m\u00e5len antogs vid FN-toppm\u00f6tet i New York den 25 september 2015.  <\/p>\n","protected":false},"author":3,"featured_media":14259,"parent":0,"menu_order":0,"comment_status":"closed","ping_status":"closed","template":"","meta":{"_acf_changed":false,"cybocfi_hide_featured_image":"","footnotes":""},"class_list":["post-18947","page","type-page","status-publish","has-post-thumbnail","hentry"],"acf":[],"_links":{"self":[{"href":"https:\/\/www.delfi.com\/sv\/wp-json\/wp\/v2\/pages\/18947","targetHints":{"allow":["GET"]}}],"collection":[{"href":"https:\/\/www.delfi.com\/sv\/wp-json\/wp\/v2\/pages"}],"about":[{"href":"https:\/\/www.delfi.com\/sv\/wp-json\/wp\/v2\/types\/page"}],"author":[{"embeddable":true,"href":"https:\/\/www.delfi.com\/sv\/wp-json\/wp\/v2\/users\/3"}],"replies":[{"embeddable":true,"href":"https:\/\/www.delfi.com\/sv\/wp-json\/wp\/v2\/comments?post=18947"}],"version-history":[{"count":5,"href":"https:\/\/www.delfi.com\/sv\/wp-json\/wp\/v2\/pages\/18947\/revisions"}],"predecessor-version":[{"id":79180,"href":"https:\/\/www.delfi.com\/sv\/wp-json\/wp\/v2\/pages\/18947\/revisions\/79180"}],"wp:featuredmedia":[{"embeddable":true,"href":"https:\/\/www.delfi.com\/sv\/wp-json\/wp\/v2\/media\/14259"}],"wp:attachment":[{"href":"https:\/\/www.delfi.com\/sv\/wp-json\/wp\/v2\/media?parent=18947"}],"curies":[{"name":"wp","href":"https:\/\/api.w.org\/{rel}","templated":true}]}}