{"id":26479,"date":"2023-10-24T14:55:50","date_gmt":"2023-10-24T12:55:50","guid":{"rendered":"https:\/\/www.delfi.com\/breece-garantikontroll\/"},"modified":"2026-03-13T13:08:17","modified_gmt":"2026-03-13T12:08:17","slug":"breece-garantikontroll","status":"publish","type":"page","link":"https:\/\/www.delfi.com\/sv\/breece-garantikontroll","title":{"rendered":"Breece garantikontroll"},"content":{"rendered":"<div class=\"wpb-content-wrapper\"><p>[vc_row][vc_column][vc_column_text css=&#8221;&#8221; css_params=&#8221;&#8221;]<\/p>\n<h1>Breece garantikontroll<\/h1>\n<p>Kontrollera om din ESL-sk\u00e4rm \u00e4r inom den giltiga produktgarantiperioden.<\/p>\n<p><strong>Skanna ESL serienummer<\/strong><br \/>\nS\u00f6k efter din ESL genom att helt enkelt skriva eller skanna displayens serienummer i f\u00e4ltet nedan &#8211; och tryck p\u00e5 &#8220;Search&#8221;.<\/p>\n<p><strong>Ladda upp textfil<\/strong><br \/>\nMed knappen &#8220;Upload file&#8221; kan du \u00e4ven ladda upp en textfil (.txt) som inneh\u00e5ller en lista med m\u00e5nga serienummer samtidigt (listan m\u00e5ste inneh\u00e5lla ett serienummer per rad).<\/p>\n<p><strong>Ladda ned resultat<\/strong><br \/>\nS\u00f6kresultat kan laddas ner som en fil genom att klicka p\u00e5 knappen &#8220;Download&#8221;.[\/vc_column_text][\/vc_column][\/vc_row][vc_row][vc_column][vc_column_text]<iframe loading=\"lazy\" src=\"https:\/\/warranty.breecesystem.com\/\" width=\"1200\" height=\"1000\" frameborder=\"0\" scrolling=\"yes\"><\/iframe>[\/vc_column_text][\/vc_column][\/vc_row]<\/p>\n<\/div>","protected":false},"excerpt":{"rendered":"<p>[vc_row][vc_column][vc_column_text css=&#8221;&#8221; css_params=&#8221;&#8221;] Breece garantikontroll Kontrollera om din ESL-sk\u00e4rm \u00e4r inom den giltiga produktgarantiperioden. Skanna ESL serienummer S\u00f6k efter din ESL genom att helt enkelt skriva eller skanna displayens serienummer i f\u00e4ltet nedan &#8211; och tryck p\u00e5 &#8220;Search&#8221;. Ladda upp textfil Med knappen &#8220;Upload file&#8221; kan du \u00e4ven ladda upp en textfil (.txt) som inneh\u00e5ller [&hellip;]<\/p>\n","protected":false},"author":5,"featured_media":0,"parent":0,"menu_order":0,"comment_status":"closed","ping_status":"closed","template":"","meta":{"_acf_changed":false,"cybocfi_hide_featured_image":"","footnotes":""},"class_list":["post-26479","page","type-page","status-publish","hentry"],"acf":[],"_links":{"self":[{"href":"https:\/\/www.delfi.com\/sv\/wp-json\/wp\/v2\/pages\/26479","targetHints":{"allow":["GET"]}}],"collection":[{"href":"https:\/\/www.delfi.com\/sv\/wp-json\/wp\/v2\/pages"}],"about":[{"href":"https:\/\/www.delfi.com\/sv\/wp-json\/wp\/v2\/types\/page"}],"author":[{"embeddable":true,"href":"https:\/\/www.delfi.com\/sv\/wp-json\/wp\/v2\/users\/5"}],"replies":[{"embeddable":true,"href":"https:\/\/www.delfi.com\/sv\/wp-json\/wp\/v2\/comments?post=26479"}],"version-history":[{"count":1,"href":"https:\/\/www.delfi.com\/sv\/wp-json\/wp\/v2\/pages\/26479\/revisions"}],"predecessor-version":[{"id":79075,"href":"https:\/\/www.delfi.com\/sv\/wp-json\/wp\/v2\/pages\/26479\/revisions\/79075"}],"wp:attachment":[{"href":"https:\/\/www.delfi.com\/sv\/wp-json\/wp\/v2\/media?parent=26479"}],"curies":[{"name":"wp","href":"https:\/\/api.w.org\/{rel}","templated":true}]}}