{"id":27424,"date":"2023-11-01T10:26:19","date_gmt":"2023-11-01T09:26:19","guid":{"rendered":"https:\/\/www.delfi.com\/cookiepolitik\/"},"modified":"2026-03-13T13:08:30","modified_gmt":"2026-03-13T12:08:30","slug":"cookie-policy-delficom","status":"publish","type":"page","link":"https:\/\/www.delfi.com\/sv\/cookie-policy-delficom","title":{"rendered":"Cookiepolicy"},"content":{"rendered":"<div class=\"wpb-content-wrapper\"><p>[vc_row][vc_column][vc_column_text css=&#8221;&#8221; css_params=&#8221;&#8221;]<\/p>\n<h1>Cookiepolicy<\/h1>\n<p>Precis som f\u00f6r n\u00e4stan samtliga professionella webbplatser anv\u00e4nder denna webbplats cookies, sm\u00e5 filer som laddas ner till din dator, f\u00f6r att f\u00f6rb\u00e4ttra din upplevelse. Denna sida beskriver vilken information de samlar in, hur vi anv\u00e4nder den och varf\u00f6r vi ibland m\u00e5ste lagra dessa cookies. Vi kommer \u00e4ven att ber\u00e4tta hur du kan undvika att dessa cookies lagras, \u00e4ven om det kan nedgradera eller &#8220;bryta&#8221; vissa element i webbplatsernas funktionalitet.<br \/>\nF\u00f6r mer allm\u00e4n information om cookies se&nbsp;<a href=\"http:\/\/en.wikipedia.org\/wiki\/HTTP_cookie\" data-cke-saved-href=\"http:\/\/en.wikipedia.org\/wiki\/HTTP_cookie\" data-cke-saved- target=\"_blank\" rel=\"noopener\">Wikipedia-artikel om HTTP-cookies.<\/a><\/p>\n<h2>S\u00e5 anv\u00e4nder vi cookies<\/h2>\n<p>Vi anv\u00e4nder cookies av m\u00e5nga olika sk\u00e4l som beskrivs nedan. Tyv\u00e4rr finns det f\u00f6r det mesta inga standardalternativ f\u00f6r att avaktivera cookies utan att helt avaktivera de funktioner som de bidrar med till den h\u00e4r webbplatsen. Det rekommenderas att du beh\u00e5ller samtliga cookies om du inte \u00e4r s\u00e4ker p\u00e5 om du beh\u00f6ver dem eller inte, ifall de anv\u00e4nds f\u00f6r en tj\u00e4nst som du anv\u00e4nder.<\/p>\n<h2>Avaktivera cookies<\/h2>\n<p>Du kan f\u00f6rhindra att cookies skapas genom att anpassa inst\u00e4llningarna f\u00f6r din webbl\u00e4sare (se din webbl\u00e4sares Hj\u00e4lp f\u00f6r hur du ska g\u00f6ra). T\u00e4nk p\u00e5 att funktionaliteten p\u00e5 denna och m\u00e5nga andra webbplatser som du bes\u00f6ker p\u00e5verkas om du avaktiverar cookies. Vanligtvis avaktiveras \u00e4ven vissa funktioner p\u00e5 den h\u00e4r webbplatsen n\u00e4r man avaktiverar cookies. Det rekommenderas d\u00e4rf\u00f6r att du inte avaktiverar cookies.<\/p>\n<h2>De cookies vi skapar<\/h2>\n<p>Om du skapar ett konto hos oss kommer vi att anv\u00e4nda cookies f\u00f6r hantering av registreringsprocessen och allm\u00e4n administration. Dessa cookies tas vanligtvis bort n\u00e4r du loggar ut, men i vissa fall stannar de kvar f\u00f6r att komma ih\u00e5g dina inst\u00e4llningar \u00e4ven n\u00e4r du inte \u00e4r inloggad.<\/p>\n<p>Vi anv\u00e4nder cookies n\u00e4r du \u00e4r inloggad s\u00e5 att vi kan komma ih\u00e5g det. Du slipper p\u00e5 s\u00e5 s\u00e4tt logga in varje g\u00e5ng du bes\u00f6ker en ny sida. Dessa cookies tas vanligen bort eller avmarkeras n\u00e4r du loggar ut f\u00f6r att s\u00e4kerst\u00e4lla att du bara kommer \u00e5t begr\u00e4nsade funktioner och omr\u00e5den n\u00e4r du \u00e4r inloggad.<\/p>\n<p>Denna plats erbjuder nyhetsbrev och e-postprenumerationstj\u00e4nster och cookies kan anv\u00e4ndas f\u00f6r att komma ih\u00e5g om du redan \u00e4r registrerad och om vissa aviseringar som kanske bara g\u00e4ller f\u00f6r prenumererande\/icke-prenumererande anv\u00e4ndare ska visas.<\/p>\n<p>D\u00e5 och d\u00e5 erbjuder vi anv\u00e4ndarunders\u00f6kningar och fr\u00e5geformul\u00e4r f\u00f6r att erbjuda dig intressanta rekommendationer, anv\u00e4ndbara verktyg, eller f\u00f6r att f\u00f6rst\u00e5 v\u00e5rt kundunderlag b\u00e4ttre. Dessa unders\u00f6kningar anv\u00e4nder kanske cookies f\u00f6r att komma ih\u00e5g vilka som redan deltagit i en unders\u00f6kning eller f\u00f6r att ge dig korrekta resultat n\u00e4r du byter sida.<\/p>\n<p>N\u00e4r du skickar data genom den typ av formul\u00e4r som finns p\u00e5 kontaktsidor eller kommentarsformul\u00e4r kan cookies skapas f\u00f6r att komma ih\u00e5g din anv\u00e4ndarinformation f\u00f6r framtida kontakt.<\/p>\n<p>F\u00f6r att kunna ge dig en bra upplevelse p\u00e5 den h\u00e4r webbplatsen erbjuder vi funktionaliteten att ange dina inst\u00e4llningar f\u00f6r hur denna webbplats ska k\u00f6ras n\u00e4r du anv\u00e4nder den. F\u00f6r att komma ih\u00e5g dina inst\u00e4llningar beh\u00f6ver vi skapa cookies s\u00e5 att denna information kan h\u00e4mtas n\u00e4rhelst du interagerar med en sida som ber\u00f6rs av dina inst\u00e4llningar.<\/p>\n<h2>Tredjeparts-cookies<\/h2>\n<p>I vissa specialfall anv\u00e4nder vi ocks\u00e5 cookies som tillhandah\u00e5lls av betrodd tredje part. F\u00f6ljande avsnitt redovisar vilka tredjeparts-cookies du kan tr\u00e4ffa p\u00e5 den h\u00e4r webbplatsen.<\/p>\n<p>Denna webbplats anv\u00e4nder Google Analytics som \u00e4r en av de mest spridda och betrodda analysl\u00f6sningarna p\u00e5 n\u00e4tet som hj\u00e4lper oss f\u00f6rst\u00e5 hur du anv\u00e4nder webbplatsen och hur vi kan f\u00f6rb\u00e4ttra din upplevelse. Dessa cookies kan sp\u00e5ra s\u00e5dant som hur l\u00e5ng tid du stannar p\u00e5 webbplatsen och vilka sidor du bes\u00f6ker s\u00e5 att vi kan forts\u00e4tta att producera sp\u00e4nnande inneh\u00e5ll.<\/p>\n<p>F\u00f6r mer information om Google Analytics-cookies, se den officiella Google Analytics-sidan.<\/p>\n<p>Tredjeparts-analys anv\u00e4nds f\u00f6r att sp\u00e5ra och m\u00e4ta anv\u00e4ndning av den h\u00e4r webbplatsen s\u00e5 att vi kan forts\u00e4tta att producera sp\u00e4nnande inneh\u00e5ll. Dessa cookies kan sp\u00e5ra s\u00e5dant som hur l\u00e5ng tid du stannar p\u00e5 webbplatsen eller vilka sidor du bes\u00f6ker vilket hj\u00e4lper oss f\u00f6rst\u00e5 hur vi kan f\u00f6rb\u00e4ttra webbplatsen f\u00f6r dig.<\/p>\n<p>D\u00e5 och d\u00e5 testar vi nya funktioner och g\u00f6r diskreta \u00e4ndringar f\u00f6r hur webbplatsen presenteras. Medan vi testar nya funktioner kan dessa cookies komma att anv\u00e4ndas f\u00f6r att s\u00e4kerst\u00e4lla att du f\u00e5r en konsekvent upplevelse n\u00e4r du \u00e4r p\u00e5 webbplatsen samtidigt som vi f\u00f6rst\u00e5r vilka optimeringar v\u00e5ra anv\u00e4ndare uppskattar mest.<\/p>\n<p>Vi anv\u00e4nder ocks\u00e5 knappar och\/eller plugins f\u00f6r sociala medier p\u00e5 den h\u00e4r webbplatsen som l\u00e5ter dig koppla dig till dina sociala medier p\u00e5 olika s\u00e4tt. F\u00f6r att dessa ska fungera kommer f\u00f6ljande webbplatser f\u00f6r sociala medier att skapa cookies via v\u00e5r webbplats: Facebook, LinkedIn och YouTube.Detta kan komma att anv\u00e4ndas f\u00f6r att f\u00f6rb\u00e4ttra din profil p\u00e5 deras webbplats eller bidra till de data de sparar f\u00f6r olika \u00e4ndam\u00e5l som sammanfattas i deras respektive sekretesspolicy.<\/p>\n<h2>Mer information<\/h2>\n<p>F\u00f6rhoppningsvis har detta klargjort en del f\u00f6r dig, och som vi n\u00e4mnde tidigare, om du inte \u00e4r s\u00e4ker p\u00e5 om det \u00e4r n\u00e5got som du beh\u00f6ver eller inte, \u00e4r det s\u00e4krare att l\u00e5ta cookies vara aktiverade ifall de interagerar med n\u00e5gon av de funktioner du anv\u00e4nder p\u00e5 v\u00e5r webbplats. Om du vill ha mer information kan du kontakta oss p\u00e5 n\u00e5got av v\u00e5ra kontakts\u00e4tt.[\/vc_column_text][\/vc_column][\/vc_row]<\/p>\n<\/div>","protected":false},"excerpt":{"rendered":"<p>F\u00f6r att f\u00f6rb\u00e4ttra din upplevelse, som de flesta professionella webbplatser, anv\u00e4nder vi cookies. Se v\u00e5r cookiepolicy h\u00e4r.<\/p>\n","protected":false},"author":5,"featured_media":27417,"parent":0,"menu_order":0,"comment_status":"closed","ping_status":"closed","template":"","meta":{"_acf_changed":false,"cybocfi_hide_featured_image":"yes","footnotes":""},"class_list":["post-27424","page","type-page","status-publish","has-post-thumbnail","hentry"],"acf":[],"_links":{"self":[{"href":"https:\/\/www.delfi.com\/sv\/wp-json\/wp\/v2\/pages\/27424","targetHints":{"allow":["GET"]}}],"collection":[{"href":"https:\/\/www.delfi.com\/sv\/wp-json\/wp\/v2\/pages"}],"about":[{"href":"https:\/\/www.delfi.com\/sv\/wp-json\/wp\/v2\/types\/page"}],"author":[{"embeddable":true,"href":"https:\/\/www.delfi.com\/sv\/wp-json\/wp\/v2\/users\/5"}],"replies":[{"embeddable":true,"href":"https:\/\/www.delfi.com\/sv\/wp-json\/wp\/v2\/comments?post=27424"}],"version-history":[{"count":2,"href":"https:\/\/www.delfi.com\/sv\/wp-json\/wp\/v2\/pages\/27424\/revisions"}],"predecessor-version":[{"id":79079,"href":"https:\/\/www.delfi.com\/sv\/wp-json\/wp\/v2\/pages\/27424\/revisions\/79079"}],"wp:featuredmedia":[{"embeddable":true,"href":"https:\/\/www.delfi.com\/sv\/wp-json\/wp\/v2\/media\/27417"}],"wp:attachment":[{"href":"https:\/\/www.delfi.com\/sv\/wp-json\/wp\/v2\/media?parent=27424"}],"curies":[{"name":"wp","href":"https:\/\/api.w.org\/{rel}","templated":true}]}}