{"id":76004,"date":"2023-09-26T11:03:24","date_gmt":"2023-09-26T09:03:24","guid":{"rendered":"https:\/\/www.delfi.com\/electronic-shelf-labels"},"modified":"2026-03-12T14:45:55","modified_gmt":"2026-03-12T13:45:55","slug":"electronic-shelf-labels","status":"publish","type":"page","link":"https:\/\/www.delfi.com\/sv\/electronic-shelf-labels","title":{"rendered":"Electronic Shelf Labels"},"content":{"rendered":"<div class=\"wpb-content-wrapper\"><p>[vc_row][vc_column width=&#8221;1\/2&#8243;][vc_column_text css=&#8221;&#8221; css_params=&#8221;&#8221;]<\/p>\n<h1 data-start=\"219\" data-end=\"276\">Electronic Shelf Labels: framtidens detaljhandel \u00e4r h\u00e4r<\/h1>\n<p data-start=\"278\" data-end=\"679\">P\u00e5 Delfi Technologies revolutionerar vi s\u00e4ttet f\u00f6retag hanterar sin dagliga verksamhet. Med \u00f6ver 34 \u00e5rs erfarenhet inom IT-tj\u00e4nster och l\u00f6sningar f\u00f6rst\u00e5r vi utmaningarna detaljhandeln st\u00e5r inf\u00f6r. D\u00e4rf\u00f6r \u00e4r vi stolta \u00f6ver att presentera v\u00e5ra avancerade <strong data-start=\"530\" data-end=\"563\">Electronic Shelf Labels (ESL)<\/strong> \u2013 en banbrytande l\u00f6sning som optimerar effektiviteten, f\u00f6rb\u00e4ttrar kundupplevelsen och driver din verksamhet fram\u00e5t.<\/p>\n<p data-start=\"681\" data-end=\"1038\">Gl\u00f6m manuella, tidskr\u00e4vande pris\u00e4ndringar och pappersetiketter. V\u00e5ra <strong data-start=\"750\" data-end=\"777\">Electronic Shelf Labels<\/strong> m\u00f6jligg\u00f6r dynamisk priss\u00e4ttning och realtidsuppdateringar \u00f6ver hela butiker eller butikskedjor. Detta sparar inte bara v\u00e4rdefull tid och resurser, utan minskar ocks\u00e5 felmarginalen drastiskt, vilket s\u00e4kerst\u00e4ller exakt och konsekvent information f\u00f6r dina kunder.<\/p>\n<h2 data-start=\"1040\" data-end=\"1074\">Vad \u00e4r Electronic Shelf Labels?<\/h2>\n<p data-start=\"1076\" data-end=\"1523\"><strong data-start=\"1076\" data-end=\"1103\">Electronic Shelf Labels<\/strong>, ofta kallade ESL, \u00e4r digitala displayer som sitter direkt p\u00e5 butikshyllorna. De visar produktinformation som pris, kampanjer, lagersaldo och annan relevant data. Till skillnad fr\u00e5n traditionella pappersetiketter kan ESL-system uppdateras tr\u00e5dl\u00f6st och centralt, i realtid. Detta inneb\u00e4r att pris\u00e4ndringar, kampanjer och produktinformation kan \u00e4ndras p\u00e5 n\u00e5gra sekunder, \u00f6ver alla etiketter i en butik eller en hel kedja.<\/p>\n<p data-start=\"1525\" data-end=\"1981\">P\u00e5 Delfi Technologies har vi utvecklat v\u00e5rt eget system, <a class=\"decorated-link\" href=\"https:\/\/www.delfi.com\/sv\/losningar\/breece-system\" target=\"_new\" rel=\"noopener\" data-start=\"1582\" data-end=\"1641\">Breece System<\/a>, som \u00e4r hj\u00e4rtat i v\u00e5ra <strong data-start=\"1665\" data-end=\"1692\">Electronic Shelf Labels<\/strong>. Det \u00e4r en robust och flexibel plattform som \u00e4r utformad f\u00f6r att integreras s\u00f6ml\u00f6st med dina befintliga ERP- och finanssystem. Detta ger dig full kontroll och \u00f6versikt \u00f6ver priss\u00e4ttning och produktinformation, vilket eliminerar behovet av manuella uppgifter och optimerar din butiksdrift.<\/p>\n<p>[\/vc_column_text][\/vc_column][vc_column width=&#8221;1\/2&#8243;][vc_single_image image=&#8221;19850&#8243; img_size=&#8221;full&#8221;][\/vc_column][\/vc_row][vc_row css=&#8221;.vc_custom_1766490367446{margin-bottom: 3em !important;padding-top: 2em !important;padding-right: 1em !important;padding-left: 1em !important;background-color: #f2f2f2 !important;border-radius: 20px !important;}&#8221; conditional_render=&#8221;%5B%7B%22value_role%22%3A%22administrator%22%7D%5D&#8221; css_params=&#8221;&#8221;][vc_column][vc_column_text css=&#8221;&#8221; css_params=&#8221;&#8221;]<\/p>\n<h2 data-start=\"1983\" data-end=\"2024\">F\u00f6rdelarna med Electronic Shelf Labels<\/h2>\n<p data-start=\"2026\" data-end=\"2259\">Att implementera <strong data-start=\"2043\" data-end=\"2070\">Electronic Shelf Labels<\/strong> i din butik eller verksamhet erbjuder en m\u00e4ngd konkreta f\u00f6rdelar. Fr\u00e5n \u00f6kad effektivitet till f\u00f6rb\u00e4ttrad kundlojalitet, \u00e4r investeringen i ESL en framtidss\u00e4ker l\u00f6sning f\u00f6r moderna f\u00f6retag.<\/p>\n<ul data-start=\"2261\" data-end=\"3388\">\n<li data-start=\"2261\" data-end=\"2445\">\n<p data-start=\"2263\" data-end=\"2445\"><strong data-start=\"2263\" data-end=\"2289\">Realtidsuppdateringar:<\/strong> \u00c4ndra priser och kampanjer p\u00e5 sekunder, inte timmar. V\u00e5rt Breece System s\u00e4kerst\u00e4ller att dina <strong data-start=\"2384\" data-end=\"2411\">Electronic Shelf Labels<\/strong> alltid visar korrekt information.<\/p>\n<\/li>\n<li data-start=\"2446\" data-end=\"2639\">\n<p data-start=\"2448\" data-end=\"2639\"><strong data-start=\"2448\" data-end=\"2477\">Minskade driftskostnader:<\/strong> Eliminera kostnader f\u00f6r utskrift, hantering och utbyte av pappersetiketter. Dessutom minimeras den manuella arbetstiden som annars skulle l\u00e4ggas p\u00e5 prism\u00e4rkning.<\/p>\n<\/li>\n<li data-start=\"2640\" data-end=\"2795\">\n<p data-start=\"2642\" data-end=\"2795\"><strong data-start=\"2642\" data-end=\"2672\">F\u00f6rb\u00e4ttrad kundupplevelse:<\/strong> Kunder f\u00e5r alltid tillf\u00f6rlitlig och uppdaterad prisinformation, vilket skapar f\u00f6rtroende och en b\u00e4ttre shoppingupplevelse.<\/p>\n<\/li>\n<li data-start=\"2796\" data-end=\"2954\">\n<p data-start=\"2798\" data-end=\"2954\"><strong data-start=\"2798\" data-end=\"2824\">Dynamisk priss\u00e4ttning:<\/strong> M\u00f6jligg\u00f6r snabba prisjusteringar baserat p\u00e5 efterfr\u00e5gan, lagerniv\u00e5er, konkurrens och andra faktorer, vilket maximerar int\u00e4kterna.<\/p>\n<\/li>\n<li data-start=\"2955\" data-end=\"3042\">\n<p data-start=\"2957\" data-end=\"3042\"><strong data-start=\"2957\" data-end=\"2974\">Milj\u00f6v\u00e4nligt:<\/strong> Reducera pappersf\u00f6rbrukningen och bidra till en gr\u00f6nare verksamhet.<\/p>\n<\/li>\n<li data-start=\"3043\" data-end=\"3210\">\n<p data-start=\"3045\" data-end=\"3210\"><strong data-start=\"3045\" data-end=\"3075\">Effektiv kampanjhantering:<\/strong> Lansera och hantera kampanjer med precision och flexibilitet, vilket inkluderar schemalagda prisneds\u00e4ttningar direkt fr\u00e5n ditt system.<\/p>\n<\/li>\n<li data-start=\"3211\" data-end=\"3388\">\n<p data-start=\"3213\" data-end=\"3388\"><strong data-start=\"3213\" data-end=\"3243\">Tillf\u00f6rlitlig lagerstatus:<\/strong> Genom att integrera med Breece System kan du visa lagersaldo direkt p\u00e5 dina <strong data-start=\"3320\" data-end=\"3347\">Electronic Shelf Labels<\/strong>. Detta hj\u00e4lper b\u00e5de personal och kunder.<\/p>\n<\/li>\n<\/ul>\n<p data-start=\"3390\" data-end=\"3666\">Vi har sett hur f\u00f6retag som XL-BYGG framg\u00e5ngsrikt har introducerat v\u00e5ra digitala prisetiketter f\u00f6r att effektivisera sin butikshantering. V\u00e5ra l\u00f6sningar \u00e4r bepr\u00f6vade och anpassade f\u00f6r en m\u00e4ngd olika industrier, inklusive detaljhandel, lager, sjukv\u00e5rd och kontorsmilj\u00f6er.<\/p>\n<p>[\/vc_column_text][\/vc_column][\/vc_row][vc_row][vc_column width=&#8221;1\/2&#8243;][vc_column_text css=&#8221;&#8221; css_params=&#8221;&#8221;]<\/p>\n<h2>M\u00f6glichkeiten der dynamischen Preisauszeichnung<\/h2>\n<p>Grunds\u00e4tzlich k\u00f6nnen weitere interne Datenquellen in unsere\u00a0<a href=\"https:\/\/www.delfi.com\/de\/losungen\/breece-system\" data-cke-saved-href=\"https:\/\/www.delfi.com\/de\/losungen\/breece-system\">Breece System Software<\/a>\u00a0eingespeist werden, um die<a href=\"https:\/\/www.delfi.com\/de\/losungen\/elektronische-preisauszeichnung\" data-cke-saved-href=\"https:\/\/www.delfi.com\/de\/losungen\/elektronische-preisauszeichnung\">\u00a0<\/a><a href=\"https:\/\/www.delfi.com\/de\/losungen\/elektronischen-regaletiketten\/\" data-cke-saved-href=\"\/de\/losungen\/elektronische-preisauszeichnung\">elektronische Preisauszeichnung<\/a>\u00a0auf Regeln basierend zu automatisierend. Man spricht dann von dynamischer Preisauszeichnung oder -optimierung.<\/p>\n<p>Is gerade das Nachfolgermodell f\u00fcr einen ihrer Elektronikartikel erschienen und das Vorg\u00e4ngermodell ist noch in Masse vorr\u00e4tig? Mit unserem\u00a0<a href=\"https:\/\/www.delfi.com\/de\/losungen\/breece-system\" data-cke-saved-href=\"https:\/\/www.delfi.com\/de\/losungen\/breece-system\">Breece System<\/a>\u00a0k\u00f6nnen sie f\u00fcr das Vorg\u00e4ngermodell einen Aktionspreis einstellen und per Knopfdruck an s\u00e4mtliche Filialen schicken. Somit lassen sich theoretisch tausende von\u00a0<a href=\"https:\/\/www.delfi.com\/de\/losungen\/elektronischen-regaletiketten\/\" data-cke-saved-href=\"https:\/\/www.delfi.com\/de\/losungen\/elektronischen-regaletiketten\">elektronischen Etiketten<\/a>\u00a0blitzschnell \u00e4ndern. Sie k\u00f6nnen somit die Zyklen, in denen Anbieter ihre neuen Modelle ver\u00f6ffentlichen, antizipieren und Preise im Vorfeld automatisch herabsetzen. F\u00fcr die Preis\u00e4nderung k\u00f6nnen hierbei die typischen Perioden herangezogen werden, in denen die Hersteller neue Produktmodelle ver\u00f6ffentlichen oder die Umstellung kann zum Beispiel nur am Black Friday gelten.<\/p>\n<p>Weitere Beispiele f\u00fcr die dynamische Preisauszeichnung sind:<\/p>\n<ul>\n<li>Automatisierte Preis\u00e4nderungen f\u00fcr Frischwaren mit Verfallsdatum<\/li>\n<li>Preis\u00e4nderungen abh\u00e4ngig vom Lagerbestand<\/li>\n<li>Preis\u00e4nderungen basierend auf den Laden\u00f6ffnungszeiten<\/li>\n<li>Preis\u00e4nderungen synchronisiert mit Preisen aus dem Internet oder von der eigenen Webseite<\/li>\n<\/ul>\n<p>[\/vc_column_text][\/vc_column][vc_column width=&#8221;1\/2&#8243;][vc_single_image image=&#8221;19856&#8243; img_size=&#8221;full&#8221;][\/vc_column][\/vc_row][vc_row][vc_column][vc_column_text css=&#8221;&#8221; css_params=&#8221;&#8221;]Bei der dynamischen Preisgestaltung mit Electronic Shelf Labels sind der Fantasie grunds\u00e4tzlich keine Grenzen gesetzt, da externe Datenquellen mittels API Schnittstelle integriert werden k\u00f6nnen.<\/p>\n<p>Delfi ist schon seit 1988 in der Branche f\u00fcr Barcodes und Datenerfassung t\u00e4tig und bietet eine vielf\u00e4ltige Produktpalette die auf\u00a0<a href=\"https:\/\/www.delfi.com\/de\/losungen\/breece-system\/\" data-cke-saved-href=\"https:\/\/www.delfi.com\/de\/losungen\/breece-system\">Electronic Shelf Labeling Systeme<\/a>\u00a0und Datenerfassungsger\u00e4te am POS, sowie Druckl\u00f6sungen spezialisiert ist. Unsere L\u00f6sungen werden weltweit vertrieben mit Niederlassungen in D\u00e4nemark, Schweden, Norwegen, Deutschland, Italien und Vietnam.<\/p>\n<p>Bitte wenden Sie sich an uns f\u00fcr einen detaillierten Kostenvoranschlag, der auf Ihre Situation zugeschnitten ist.[\/vc_column_text][\/vc_column][\/vc_row][vc_row conditional_render=&#8221;%5B%7B%22value_role%22%3A%22administrator%22%7D%5D&#8221; css_params=&#8221;&#8221; css=&#8221;.vc_custom_1767095250414{margin-bottom: 1rem !important;}&#8221;][vc_column][vc_separator css=&#8221;&#8221;][\/vc_column][\/vc_row][vc_row][vc_column][vc_column_text css=&#8221;&#8221; css_params=&#8221;&#8221;]<\/p>\n<h2 data-start=\"3668\" data-end=\"3717\">V\u00e5ra produktserier f\u00f6r Electronic Shelf Labels<\/h2>\n<p data-start=\"3719\" data-end=\"4026\">Vi erbjuder ett brett sortiment av <strong data-start=\"3754\" data-end=\"3781\">Electronic Shelf Labels<\/strong> som passar olika behov och butiksmilj\u00f6er. Varje serie \u00e4r designad med fokus p\u00e5 funktionalitet, h\u00e5llbarhet och estetik. Oavsett om du beh\u00f6ver sm\u00e5 etiketter f\u00f6r smycken eller st\u00f6rre displayer f\u00f6r in-store kommunikation, har vi en l\u00f6sning f\u00f6r dig.<\/p>\n<p>[\/vc_column_text][\/vc_column][\/vc_row][vc_row][vc_column][porto_tb_posts post_type=&#8221;solutions&#8221; builder_id=&#8221;62749&#8243; post_terms=&#8221;449&#8243; count=&#8221;4&#8243; css_params=&#8221;&#8221;][\/vc_column][\/vc_row][vc_row css=&#8221;.vc_custom_1765874798523{margin-top: 20px !important;}&#8221; conditional_render=&#8221;%5B%7B%22value_role%22%3A%22administrator%22%7D%5D&#8221; css_params=&#8221;&#8221;][vc_column][vc_column_text css=&#8221;&#8221; css_params=&#8221;&#8221;]<\/p>\n<h2 data-start=\"5443\" data-end=\"5499\">Breece System: Hj\u00e4rtat i v\u00e5ra Electronic Shelf Labels<\/h2>\n<p data-start=\"5501\" data-end=\"5858\">V\u00e5rt propriet\u00e4ra mjukvarusystem, <a class=\"decorated-link\" href=\"https:\/\/www.delfi.com\/sv\/losningar\/breece-system\" target=\"_new\" rel=\"noopener\" data-start=\"5534\" data-end=\"5593\">Breece System<\/a>, \u00e4r grundpelaren i v\u00e5r ESL-l\u00f6sning. Det \u00e4r en kraftfull och intuitiv plattform som ger dig fullst\u00e4ndig kontroll \u00f6ver dina <strong data-start=\"5716\" data-end=\"5743\">Electronic Shelf Labels<\/strong>. Breece System \u00e4r designat f\u00f6r att vara flexibelt och kan anpassas till alla typer av butiksmilj\u00f6er och branscher.<\/p>\n<p data-start=\"5860\" data-end=\"5897\">Med Breece System kan du bland annat:<\/p>\n<ul data-start=\"5899\" data-end=\"6252\">\n<li data-start=\"5899\" data-end=\"5963\">\n<p data-start=\"5901\" data-end=\"5963\">Centralisera pris- och kampanjhantering f\u00f6r alla dina butiker.<\/p>\n<\/li>\n<li data-start=\"5964\" data-end=\"6024\">\n<p data-start=\"5966\" data-end=\"6024\">Schemal\u00e4gga pris\u00e4ndringar f\u00f6r specifika tider eller dagar.<\/p>\n<\/li>\n<li data-start=\"6025\" data-end=\"6108\">\n<p data-start=\"6027\" data-end=\"6108\">Integrera med ditt existerande ERP- och POS-system f\u00f6r automatisk data\u00f6verf\u00f6ring.<\/p>\n<\/li>\n<li data-start=\"6109\" data-end=\"6191\">\n<p data-start=\"6111\" data-end=\"6191\">\u00d6vervaka batteristatus och systemprestanda f\u00f6r dina <strong data-start=\"6163\" data-end=\"6190\">Electronic Shelf Labels<\/strong>.<\/p>\n<\/li>\n<li data-start=\"6192\" data-end=\"6252\">\n<p data-start=\"6194\" data-end=\"6252\">Anv\u00e4nda BreeceGo App f\u00f6r snabb hantering direkt i butiken.<\/p>\n<\/li>\n<\/ul>\n<p data-start=\"6254\" data-end=\"6609\">Vi f\u00f6rst\u00e5r att varje verksamhet \u00e4r unik, d\u00e4rf\u00f6r erbjuder vi ocks\u00e5 skr\u00e4ddarsydda mjukvarul\u00f6sningar. V\u00e5r expertis har hj\u00e4lpt \u00f6ver 28,999 kunder att optimera sina processer, och vi \u00e4r redo att g\u00f6ra detsamma f\u00f6r dig. V\u00e5rt team finns p\u00e5 7 kontor i Danmark, Sverige, Norge, Tyskland, Italien och Vietnam, med \u00f6ver 130 dedikerade medarbetare redo att hj\u00e4lpa dig.<\/p>\n<h2 data-start=\"6611\" data-end=\"6645\">Integrera med befintliga system<\/h2>\n<p data-start=\"6647\" data-end=\"6914\">En av de st\u00f6rsta f\u00f6rdelarna med v\u00e5ra <strong data-start=\"6684\" data-end=\"6711\">Electronic Shelf Labels<\/strong> och Breece System \u00e4r m\u00f6jligheten till s\u00f6ml\u00f6s integration med dina befintliga IT-system. Vi f\u00f6rst\u00e5r att du redan har investerat i aff\u00e4rssystem och vill att nya l\u00f6sningar ska komplettera, inte komplicera.<\/p>\n<p data-start=\"6916\" data-end=\"6975\">V\u00e5ra <strong data-start=\"6921\" data-end=\"6948\">Electronic Shelf Labels<\/strong> kan enkelt integreras med:<\/p>\n<ul data-start=\"6977\" data-end=\"7097\">\n<li data-start=\"6977\" data-end=\"7020\">\n<p data-start=\"6979\" data-end=\"7020\">ERP-system (Enterprise Resource Planning)<\/p>\n<\/li>\n<li data-start=\"7021\" data-end=\"7049\">\n<p data-start=\"7023\" data-end=\"7049\">POS-system (Point of Sale)<\/p>\n<\/li>\n<li data-start=\"7050\" data-end=\"7073\">\n<p data-start=\"7052\" data-end=\"7073\">Lagerhanteringssystem<\/p>\n<\/li>\n<li data-start=\"7074\" data-end=\"7097\">\n<p data-start=\"7076\" data-end=\"7097\">Kundlojalitetsprogram<\/p>\n<\/li>\n<\/ul>\n<p data-start=\"7099\" data-end=\"7409\">Denna integration s\u00e4kerst\u00e4ller att all din produktdata, priss\u00e4ttning och kampanjinformation alltid \u00e4r synkroniserad och korrekt, genom hela din organisation. Scanditek \u00e4r ett exempel p\u00e5 ett f\u00f6retag som integrerade sin lagerl\u00f6sning med Microsoft Dynamics C5, vilket visar p\u00e5 v\u00e5r expertis inom systemintegration.<\/p>\n<p>[\/vc_column_text][\/vc_column][\/vc_row][vc_row][vc_column]<div class=\"porto-block\" data-id=\"76012\"><style>.vc_custom_1760014893109{padding-top: 30px !important;padding-bottom: 30px !important;background-color: #efefef !important;}.vc_custom_1761659824337{margin-bottom: 19px !important;}.wpb_custom_0acfc3dce64e5a64802de5caaf53a74c .owl-nav:not(.disabled){display: block !important;}.wpb_custom_0acfc3dce64e5a64802de5caaf53a74c .owl-item:not(.active){opacity: 0.5}<\/style>[vc_row full_width=\"stretch_row\" equal_height=\"yes\" css=\".vc_custom_1760014893109{padding-top: 30px !important;padding-bottom: 30px !important;background-color: #efefef !important;}\" conditional_render=\"%5B%7B%22value_role%22%3A%22administrator%22%7D%5D\" css_params=\"\"][vc_column][vc_custom_heading text=\"Se \u00e4ven v\u00e5ra\" font_container=\"tag:p|font_size:1.1em|text_align:left|color:%2350bcd1|line_height:26px\" use_theme_fonts=\"yes\" text_transform=\"text-uppercase\" font_weight=\"700\" animation_delay=\"400\" el_class=\"mb-1 opacity-5\"][vc_custom_heading text=\"Kundcase\" font_container=\"tag:h2|font_size:2.5em|text_align:left|line_height:1.2\" use_theme_fonts=\"yes\" font_weight=\"700\" animation_delay=\"600\" el_class=\"mb-4\" css_params=\"\"][vc_custom_heading text=\"V\u00e5ra kundcase ger en inblick i hur f\u00f6retag i hela Norden och Europa anv\u00e4nder v\u00e5ra l\u00f6sningar \u2013 fr\u00e5n elektroniska hyllkantsetiketter och streckkodsl\u00e4sare till etikettskrivare och mobila enheter \u2013 f\u00f6r att skapa effektivitet, \u00f6verblick och b\u00e4ttre kundupplevelser.<br>Varje samarbete ber\u00e4ttar historien om hur teknik och partnerskap kan g\u00f6ra en verklig skillnad i den dagliga driften.<br>Bli inspirerad av v\u00e5ra kunders resultat \u2013 och se hur vi tillsammans g\u00f6r framtidens aff\u00e4rer mer digitala, effektiva och konkurrenskraftiga.\" font_container=\"tag:p|font_size:1.1em|text_align:left|line_height:24px\" use_theme_fonts=\"yes\" font_weight=\"400\" animation_delay=\"800\" css=\".vc_custom_1761659824337{margin-bottom: 19px !important;}\" el_class=\"opacity-5\" css_params=\"\"][porto_tb_posts post_type=\"cases\" view=\"slider\" image_size=\"full\" nav_pos2=\"nav-pos-outside\" nav_type=\"nav-style-1\" show_nav_hover=\"yes\" nav_visible=\"{``xl``:``block``}\" builder_id=\"61469\" count=\"12\" css_params=\"\" post_terms=\"138\"][\/vc_column][\/vc_row]<\/div>[\/vc_column][\/vc_row][vc_row css=&#8221;.vc_custom_1767096004007{margin-top: 2rem !important;}&#8221; conditional_render=&#8221;%5B%7B%22value_role%22%3A%22administrator%22%7D%5D&#8221; css_params=&#8221;&#8221;][vc_column][vc_column_text css=&#8221;&#8221; css_params=&#8221;&#8221;]<\/p>\n<h2 data-start=\"7411\" data-end=\"7465\">Framtidss\u00e4kra din butik med Electronic Shelf Labels<\/h2>\n<p data-start=\"7467\" data-end=\"7750\">Detaljhandeln utvecklas st\u00e4ndigt, och att h\u00e4nga med i den digitala transformationen \u00e4r avg\u00f6rande f\u00f6r framg\u00e5ng. Med v\u00e5ra <strong data-start=\"7587\" data-end=\"7614\">Electronic Shelf Labels<\/strong> investerar du inte bara i en effektivare drift, utan ocks\u00e5 i en framtidss\u00e4ker l\u00f6sning som kan skalas upp och anpassas efter dina behov.<\/p>\n<p data-start=\"7752\" data-end=\"8015\">V\u00e5rt engagemang f\u00f6r innovation str\u00e4cker sig \u00e4ven till andra omr\u00e5den som handterminaler och PDAs, samt omfattande <a class=\"decorated-link\" href=\"https:\/\/www.delfi.com\/sv\/losningar\/pos\" target=\"_new\" rel=\"noopener\" data-start=\"7865\" data-end=\"7911\">POS-system<\/a>. Vi ser till att du har de verktyg som beh\u00f6vs f\u00f6r att m\u00f6ta morgondagens utmaningar med sj\u00e4lvf\u00f6rtroende.<\/p>\n<p data-start=\"8017\" data-end=\"8418\">Vi har \u00f6ver 34 \u00e5rs erfarenhet av att optimera f\u00f6retags processer. Vi \u00e4r din partner f\u00f6r digitala l\u00f6sningar som f\u00f6rb\u00e4ttrar b\u00e5de effektivitet och kundupplevelse. Kontakta oss idag f\u00f6r att uppt\u00e4cka hur <strong data-start=\"8216\" data-end=\"8243\">Electronic Shelf Labels<\/strong> kan transformera din verksamhet.<\/p>\n<p>[\/vc_column_text][\/vc_column][\/vc_row][vc_row][vc_column][vc_toggle title=&#8221;Vad \u00e4r en Electronic Shelf Label?&#8221; css=&#8221;.vc_custom_1767095964932{margin-bottom: 0px !important;}&#8221; css_params=&#8221;&#8221;]En Electronic Shelf Label \u00e4r en digital display som anv\u00e4nds i detaljhandeln f\u00f6r att visa produktinformation som pris och kampanjer. De uppdateras tr\u00e5dl\u00f6st via ett centralt system, vilket ers\u00e4tter traditionella pappersetiketter.[\/vc_toggle][vc_toggle title=&#8221;Hur fungerar Delfi Technologies ESL-system?&#8221; css=&#8221;.vc_custom_1767095970624{margin-bottom: 0px !important;}&#8221; css_params=&#8221;&#8221;]V\u00e5rt system, Breece System, m\u00f6jligg\u00f6r tr\u00e5dl\u00f6s kommunikation mellan dina <strong data-start=\"8863\" data-end=\"8890\">Electronic Shelf Labels<\/strong> och ett centralt program. Detta g\u00f6r att du kan hantera och uppdatera all information i realtid, antingen fr\u00e5n ditt kontor eller via <a class=\"decorated-link\" href=\"https:\/\/www.delfi.com\/sv\/losningar\/breece-cloud\" target=\"_new\" rel=\"noopener\" data-start=\"9023\" data-end=\"9080\">Breece Cloud<\/a>.[\/vc_toggle][vc_toggle title=&#8221;Vilka typer av Electronic Shelf Labels erbjuder ni?&#8221; css=&#8221;.vc_custom_1767095974636{margin-bottom: 0px !important;}&#8221; css_params=&#8221;&#8221;]Vi erbjuder flera serier av <strong data-start=\"9169\" data-end=\"9196\">Electronic Shelf Labels<\/strong>, inklusive de robusta Polaris Series och Polaris Pro Series, samt de stilrena Nebular Pro Series och de minimalistiska Lumina Slim Series. Varje serie \u00e4r anpassad f\u00f6r olika behov och milj\u00f6er.[\/vc_toggle][vc_toggle title=&#8221;Kan Electronic Shelf Labels integreras med mitt befintliga POS-system?&#8221; css=&#8221;.vc_custom_1767095978339{margin-bottom: 0px !important;}&#8221; css_params=&#8221;&#8221;]Ja, absolut. V\u00e5rt Breece System \u00e4r designat f\u00f6r att enkelt integreras med de flesta befintliga ERP- och POS-system, vilket garanterar en s\u00f6ml\u00f6s datafl\u00f6de och uppdaterad information p\u00e5 dina <strong data-start=\"9656\" data-end=\"9683\">Electronic Shelf Labels<\/strong>.[\/vc_toggle][vc_toggle title=&#8221;Vilka \u00e4r de st\u00f6rsta f\u00f6rdelarna med att anv\u00e4nda Electronic Shelf Labels?&#8221; css=&#8221;.vc_custom_1767095982138{margin-bottom: 0px !important;}&#8221; css_params=&#8221;&#8221;]De st\u00f6rsta f\u00f6rdelarna inkluderar realtidsuppdateringar av priser, minskade driftskostnader f\u00f6r pappersetiketter, f\u00f6rb\u00e4ttrad kundupplevelse med korrekt information, dynamisk priss\u00e4ttning och en mer milj\u00f6v\u00e4nlig butiksdrift.[\/vc_toggle][vc_toggle title=&#8221;Har ni referenser fr\u00e5n kunder som anv\u00e4nder Electronic Shelf Labels?&#8221; css=&#8221;.vc_custom_1767095985641{margin-bottom: 0px !important;}&#8221; css_params=&#8221;&#8221;]Ja, vi har m\u00e5nga n\u00f6jda kunder. Exempelvis har XL-BYGG implementerat v\u00e5ra digitala prisetiketter. Du kan hitta fler fallstudier p\u00e5 v\u00e5r hemsida <a href=\"https:\/\/www.delfi.com\/sv\/referenser\">her<\/a>.[\/vc_toggle][\/vc_column][\/vc_row]<\/p>\n<\/div>","protected":false},"excerpt":{"rendered":"<p>Kleine farbige E-Ink Preisschilder verdr\u00e4ngen schon seit mehreren Jahren klassische Papier-Preisschilder aus den Gesch\u00e4ften. W\u00e4hrend erst Elektronikh\u00e4ndler auf den Zug aufgesprungen sind, findet man sog. Electronic Shelf Labels mittlerweile auch bei vielen Supermarktketten und kleineren H\u00e4ndlern. Der Handel passt sich mit dieser weiteren Form der Preisauszeichnung der fortschreitenden Digitalisierung an, um wettbewerbsf\u00e4hig zu bleiben und dem Kunden etwas zu bieten. Elektronische Preisschilder bieten n\u00e4mlich viele neue M\u00f6glichkeiten zur automatisierten Preisauszeichnung, sodass die daraus resultierenden Vorteile eine wachsende Anzahl von H\u00e4ndlern \u00fcberzeugt.  <\/p>\n","protected":false},"author":3,"featured_media":19842,"parent":0,"menu_order":9,"comment_status":"closed","ping_status":"closed","template":"","meta":{"_acf_changed":false,"cybocfi_hide_featured_image":"","footnotes":""},"class_list":["post-76004","page","type-page","status-publish","has-post-thumbnail","hentry"],"acf":[],"_links":{"self":[{"href":"https:\/\/www.delfi.com\/sv\/wp-json\/wp\/v2\/pages\/76004","targetHints":{"allow":["GET"]}}],"collection":[{"href":"https:\/\/www.delfi.com\/sv\/wp-json\/wp\/v2\/pages"}],"about":[{"href":"https:\/\/www.delfi.com\/sv\/wp-json\/wp\/v2\/types\/page"}],"author":[{"embeddable":true,"href":"https:\/\/www.delfi.com\/sv\/wp-json\/wp\/v2\/users\/3"}],"replies":[{"embeddable":true,"href":"https:\/\/www.delfi.com\/sv\/wp-json\/wp\/v2\/comments?post=76004"}],"version-history":[{"count":9,"href":"https:\/\/www.delfi.com\/sv\/wp-json\/wp\/v2\/pages\/76004\/revisions"}],"predecessor-version":[{"id":78704,"href":"https:\/\/www.delfi.com\/sv\/wp-json\/wp\/v2\/pages\/76004\/revisions\/78704"}],"wp:featuredmedia":[{"embeddable":true,"href":"https:\/\/www.delfi.com\/sv\/wp-json\/wp\/v2\/media\/19842"}],"wp:attachment":[{"href":"https:\/\/www.delfi.com\/sv\/wp-json\/wp\/v2\/media?parent=76004"}],"curies":[{"name":"wp","href":"https:\/\/api.w.org\/{rel}","templated":true}]}}